{"id":1312,"date":"2024-12-04T20:32:30","date_gmt":"2024-12-04T20:32:30","guid":{"rendered":"https:\/\/tpx.pt\/politique-de-confidentialite\/"},"modified":"2025-02-12T16:18:44","modified_gmt":"2025-02-12T16:18:44","slug":"politique-de-confidentialite","status":"publish","type":"page","link":"https:\/\/tpx.pt\/fr\/politique-de-confidentialite\/","title":{"rendered":"Politique de confidentialit\u00e9"},"content":{"rendered":"\n<p><strong>Politique de confidentialit\u00e9<\/strong><\/p>\n\n<p>Votre vie priv\u00e9e est importante pour nous. La politique de <strong>TPX<\/strong> est de respecter votre vie priv\u00e9e en ce qui concerne les informations personnelles que nous pouvons recueillir sur notre site web <strong>TPX.co.uk<\/strong> et sur d&rsquo;autres sites que nous poss\u00e9dons et exploitons.<\/p>\n\n<p>Nous ne demandons des informations personnelles que lorsque nous en avons r\u00e9ellement besoin pour vous fournir un service. Nous le faisons de mani\u00e8re \u00e9quitable et l\u00e9gale, en toute connaissance de cause et avec votre consentement. Nous vous informons \u00e9galement de la raison pour laquelle les donn\u00e9es sont collect\u00e9es et de la mani\u00e8re dont elles seront utilis\u00e9es.<\/p>\n\n<p>Nous ne conservons les informations collect\u00e9es que le temps n\u00e9cessaire pour fournir le service demand\u00e9. Lorsque nous stockons des donn\u00e9es, nous prenons des mesures pour les prot\u00e9ger d&rsquo;une mani\u00e8re commercialement acceptable afin d&rsquo;\u00e9viter la perte, le vol, ainsi que l&rsquo;acc\u00e8s, la divulgation, la copie, l&rsquo;utilisation ou la modification non autoris\u00e9s.<\/p>\n\n<p>Nous ne partageons pas les informations personnelles avec le public ou avec des tiers, sauf si la loi l&rsquo;exige.<\/p>\n\n<p>Notre site web peut contenir des liens vers des sites web externes qui ne sont pas exploit\u00e9s par nous. Sachez que nous n&rsquo;avons aucun contr\u00f4le sur le contenu ou les pratiques de ces sites et que nous ne pouvons \u00eatre tenus responsables de leurs politiques respectives en mati\u00e8re de protection de la vie priv\u00e9e.<\/p>\n\n<p>Vous \u00eates libre de refuser notre demande d&rsquo;informations personnelles, sachant que cela peut signifier que nous ne serons pas en mesure de fournir certains des services que vous avez demand\u00e9s.<\/p>\n\n<p>En continuant \u00e0 utiliser notre site, vous \u00eates r\u00e9put\u00e9 avoir accept\u00e9 nos pratiques en mati\u00e8re de protection de la vie priv\u00e9e et de respect des informations personnelles. Si vous avez des questions sur la mani\u00e8re dont nous traitons les donn\u00e9es des utilisateurs et les informations personnelles, veuillez nous contacter.<\/p>\n\n<p><strong>Publicit\u00e9 et cookies<\/strong><\/p>\n\n<p>Le service Google AdSense que nous utilisons pour diffuser de la publicit\u00e9 utilise un cookie DoubleClick pour afficher des publicit\u00e9s plus pertinentes sur le web et limiter le nombre de fois qu&rsquo;une publicit\u00e9 particuli\u00e8re est affich\u00e9e.<\/p>\n\n<p>Pour plus d&rsquo;informations sur Google AdSense, consultez les FAQ officielles sur la confidentialit\u00e9 de Google AdSense.<\/p>\n\n<p>Nous utilisons les publicit\u00e9s pour compenser les co\u00fbts de fonctionnement de ce site et pour financer les d\u00e9veloppements futurs. Les cookies de publicit\u00e9 comportementale utilis\u00e9s par ce site web sont con\u00e7us pour s&rsquo;assurer que vous recevez les publicit\u00e9s les plus pertinentes en suivant de mani\u00e8re anonyme vos centres d&rsquo;int\u00e9r\u00eat et en affichant des publicit\u00e9s similaires susceptibles de vous int\u00e9resser.<\/p>\n\n<p>Plusieurs partenaires font de la publicit\u00e9 en notre nom et les cookies de suivi des affili\u00e9s nous permettent de voir si nos clients ont acc\u00e9d\u00e9 au site via l&rsquo;un des sites de nos partenaires, afin que nous puissions les cr\u00e9diter correctement et, le cas \u00e9ch\u00e9ant, permettre \u00e0 nos partenaires affili\u00e9s de proposer des promotions susceptibles de vous int\u00e9resser pour que vous fassiez un achat.<\/p>\n\n<p><strong>Engagement de l&rsquo;utilisateur<\/strong><\/p>\n\n<p>L&rsquo;utilisateur s&rsquo;engage \u00e0 faire un usage appropri\u00e9 du contenu et des informations que <strong>TPX<\/strong> propose sur le site web, y compris, mais sans s&rsquo;y limiter :<\/p>\n\n<p>A) Ne pas s&rsquo;engager dans des activit\u00e9s ill\u00e9gales ou contraires \u00e0 la bonne foi et \u00e0 l&rsquo;ordre public ;<\/p>\n\n<p>B) Ne pas diffuser de propagande ou de contenu \u00e0 caract\u00e8re raciste, x\u00e9nophobe, de jeux d&rsquo;argent, pornographique ill\u00e9gal, terroriste ou contraire aux droits de l&rsquo;homme ;<\/p>\n\n<p>C) Ne pas causer de dommages aux syst\u00e8mes physiques (hardware) et logiques (software) de <strong>TPX<\/strong>, de ses fournisseurs ou de tiers, ni introduire ou diffuser des virus informatiques ou d&rsquo;autres syst\u00e8mes hardware ou software qui pourraient causer les dommages susmentionn\u00e9s.<\/p>\n\n<p><strong>Plus d&rsquo;informations<\/strong><\/p>\n\n<p>Nous esp\u00e9rons que les informations fournies ont clarifi\u00e9 vos doutes. Comme indiqu\u00e9 ci-dessus, si vous n&rsquo;\u00eates pas s\u00fbr d&rsquo;avoir besoin d&rsquo;une fonctionnalit\u00e9, il est g\u00e9n\u00e9ralement plus prudent de laisser les cookies activ\u00e9s si vous interagissez avec l&rsquo;un des services que nous proposons sur notre site web.<\/p>\n\n<p>Cette police est valable \u00e0 partir du 4 d\u00e9cembre 2024.<\/p>\n","protected":false},"excerpt":{"rendered":"<p>Politique de confidentialit\u00e9 Votre vie priv\u00e9e est importante pour nous. La politique de TPX est de respecter votre vie priv\u00e9e en ce qui concerne les informations personnelles que nous pouvons recueillir sur notre site web TPX.co.uk et sur d&rsquo;autres sites que nous poss\u00e9dons et exploitons. Nous ne demandons des informations personnelles que lorsque nous en [&hellip;]<\/p>\n","protected":false},"author":2,"featured_media":0,"parent":0,"menu_order":0,"comment_status":"closed","ping_status":"closed","template":"","meta":{"_acf_changed":false,"footnotes":""},"class_list":["post-1312","page","type-page","status-publish","hentry"],"acf":[],"yoast_head":"<!-- This site is optimized with the Yoast SEO plugin v27.3 - https:\/\/yoast.com\/product\/yoast-seo-wordpress\/ -->\n<title>Politique de confidentialit\u00e9 - TPX<\/title>\n<meta name=\"robots\" content=\"index, follow, max-snippet:-1, max-image-preview:large, max-video-preview:-1\" \/>\n<link rel=\"canonical\" href=\"https:\/\/tpx.pt\/fr\/politique-de-confidentialite\/\" \/>\n<meta property=\"og:locale\" content=\"fr_FR\" \/>\n<meta property=\"og:type\" content=\"article\" \/>\n<meta property=\"og:title\" content=\"Politique de confidentialit\u00e9 - TPX\" \/>\n<meta property=\"og:description\" content=\"Politique de confidentialit\u00e9 Votre vie priv\u00e9e est importante pour nous. La politique de TPX est de respecter votre vie priv\u00e9e en ce qui concerne les informations personnelles que nous pouvons recueillir sur notre site web TPX.co.uk et sur d&rsquo;autres sites que nous poss\u00e9dons et exploitons. Nous ne demandons des informations personnelles que lorsque nous en [&hellip;]\" \/>\n<meta property=\"og:url\" content=\"https:\/\/tpx.pt\/fr\/politique-de-confidentialite\/\" \/>\n<meta property=\"og:site_name\" content=\"TPX\" \/>\n<meta property=\"article:publisher\" content=\"https:\/\/www.facebook.com\/p\/TPX-61562374588486\/?locale=pt_BR\" \/>\n<meta property=\"article:modified_time\" content=\"2025-02-12T16:18:44+00:00\" \/>\n<meta name=\"twitter:card\" content=\"summary_large_image\" \/>\n<meta name=\"twitter:label1\" content=\"Dur\u00e9e de lecture estim\u00e9e\" \/>\n\t<meta name=\"twitter:data1\" content=\"4 minutes\" \/>\n<script type=\"application\/ld+json\" class=\"yoast-schema-graph\">{\"@context\":\"https:\\\/\\\/schema.org\",\"@graph\":[{\"@type\":\"WebPage\",\"@id\":\"https:\\\/\\\/tpx.pt\\\/fr\\\/politique-de-confidentialite\\\/\",\"url\":\"https:\\\/\\\/tpx.pt\\\/fr\\\/politique-de-confidentialite\\\/\",\"name\":\"Politique de confidentialit\u00e9 - TPX\",\"isPartOf\":{\"@id\":\"https:\\\/\\\/tpx.pt\\\/fr\\\/#website\"},\"datePublished\":\"2024-12-04T20:32:30+00:00\",\"dateModified\":\"2025-02-12T16:18:44+00:00\",\"breadcrumb\":{\"@id\":\"https:\\\/\\\/tpx.pt\\\/fr\\\/politique-de-confidentialite\\\/#breadcrumb\"},\"inLanguage\":\"fr-FR\",\"potentialAction\":[{\"@type\":\"ReadAction\",\"target\":[\"https:\\\/\\\/tpx.pt\\\/fr\\\/politique-de-confidentialite\\\/\"]}]},{\"@type\":\"BreadcrumbList\",\"@id\":\"https:\\\/\\\/tpx.pt\\\/fr\\\/politique-de-confidentialite\\\/#breadcrumb\",\"itemListElement\":[{\"@type\":\"ListItem\",\"position\":1,\"name\":\"Home\",\"item\":\"https:\\\/\\\/tpx.pt\\\/fr\\\/\"},{\"@type\":\"ListItem\",\"position\":2,\"name\":\"Politique de confidentialit\u00e9\"}]},{\"@type\":\"WebSite\",\"@id\":\"https:\\\/\\\/tpx.pt\\\/fr\\\/#website\",\"url\":\"https:\\\/\\\/tpx.pt\\\/fr\\\/\",\"name\":\"TPX\",\"description\":\"\",\"publisher\":{\"@id\":\"https:\\\/\\\/tpx.pt\\\/fr\\\/#organization\"},\"potentialAction\":[{\"@type\":\"SearchAction\",\"target\":{\"@type\":\"EntryPoint\",\"urlTemplate\":\"https:\\\/\\\/tpx.pt\\\/fr\\\/?s={search_term_string}\"},\"query-input\":{\"@type\":\"PropertyValueSpecification\",\"valueRequired\":true,\"valueName\":\"search_term_string\"}}],\"inLanguage\":\"fr-FR\"},{\"@type\":\"Organization\",\"@id\":\"https:\\\/\\\/tpx.pt\\\/fr\\\/#organization\",\"name\":\"TPX\",\"url\":\"https:\\\/\\\/tpx.pt\\\/fr\\\/\",\"logo\":{\"@type\":\"ImageObject\",\"inLanguage\":\"fr-FR\",\"@id\":\"https:\\\/\\\/tpx.pt\\\/fr\\\/#\\\/schema\\\/logo\\\/image\\\/\",\"url\":\"https:\\\/\\\/tpx.pt\\\/wp-content\\\/uploads\\\/2024\\\/10\\\/Logo-TPX-01-1.png\",\"contentUrl\":\"https:\\\/\\\/tpx.pt\\\/wp-content\\\/uploads\\\/2024\\\/10\\\/Logo-TPX-01-1.png\",\"width\":167,\"height\":84,\"caption\":\"TPX\"},\"image\":{\"@id\":\"https:\\\/\\\/tpx.pt\\\/fr\\\/#\\\/schema\\\/logo\\\/image\\\/\"},\"sameAs\":[\"https:\\\/\\\/www.facebook.com\\\/p\\\/TPX-61562374588486\\\/?locale=pt_BR\",\"https:\\\/\\\/www.instagram.com\\\/tpxholding_\\\/\"]}]}<\/script>\n<!-- \/ Yoast SEO plugin. -->","yoast_head_json":{"title":"Politique de confidentialit\u00e9 - TPX","robots":{"index":"index","follow":"follow","max-snippet":"max-snippet:-1","max-image-preview":"max-image-preview:large","max-video-preview":"max-video-preview:-1"},"canonical":"https:\/\/tpx.pt\/fr\/politique-de-confidentialite\/","og_locale":"fr_FR","og_type":"article","og_title":"Politique de confidentialit\u00e9 - TPX","og_description":"Politique de confidentialit\u00e9 Votre vie priv\u00e9e est importante pour nous. La politique de TPX est de respecter votre vie priv\u00e9e en ce qui concerne les informations personnelles que nous pouvons recueillir sur notre site web TPX.co.uk et sur d&rsquo;autres sites que nous poss\u00e9dons et exploitons. Nous ne demandons des informations personnelles que lorsque nous en [&hellip;]","og_url":"https:\/\/tpx.pt\/fr\/politique-de-confidentialite\/","og_site_name":"TPX","article_publisher":"https:\/\/www.facebook.com\/p\/TPX-61562374588486\/?locale=pt_BR","article_modified_time":"2025-02-12T16:18:44+00:00","twitter_card":"summary_large_image","twitter_misc":{"Dur\u00e9e de lecture estim\u00e9e":"4 minutes"},"schema":{"@context":"https:\/\/schema.org","@graph":[{"@type":"WebPage","@id":"https:\/\/tpx.pt\/fr\/politique-de-confidentialite\/","url":"https:\/\/tpx.pt\/fr\/politique-de-confidentialite\/","name":"Politique de confidentialit\u00e9 - TPX","isPartOf":{"@id":"https:\/\/tpx.pt\/fr\/#website"},"datePublished":"2024-12-04T20:32:30+00:00","dateModified":"2025-02-12T16:18:44+00:00","breadcrumb":{"@id":"https:\/\/tpx.pt\/fr\/politique-de-confidentialite\/#breadcrumb"},"inLanguage":"fr-FR","potentialAction":[{"@type":"ReadAction","target":["https:\/\/tpx.pt\/fr\/politique-de-confidentialite\/"]}]},{"@type":"BreadcrumbList","@id":"https:\/\/tpx.pt\/fr\/politique-de-confidentialite\/#breadcrumb","itemListElement":[{"@type":"ListItem","position":1,"name":"Home","item":"https:\/\/tpx.pt\/fr\/"},{"@type":"ListItem","position":2,"name":"Politique de confidentialit\u00e9"}]},{"@type":"WebSite","@id":"https:\/\/tpx.pt\/fr\/#website","url":"https:\/\/tpx.pt\/fr\/","name":"TPX","description":"","publisher":{"@id":"https:\/\/tpx.pt\/fr\/#organization"},"potentialAction":[{"@type":"SearchAction","target":{"@type":"EntryPoint","urlTemplate":"https:\/\/tpx.pt\/fr\/?s={search_term_string}"},"query-input":{"@type":"PropertyValueSpecification","valueRequired":true,"valueName":"search_term_string"}}],"inLanguage":"fr-FR"},{"@type":"Organization","@id":"https:\/\/tpx.pt\/fr\/#organization","name":"TPX","url":"https:\/\/tpx.pt\/fr\/","logo":{"@type":"ImageObject","inLanguage":"fr-FR","@id":"https:\/\/tpx.pt\/fr\/#\/schema\/logo\/image\/","url":"https:\/\/tpx.pt\/wp-content\/uploads\/2024\/10\/Logo-TPX-01-1.png","contentUrl":"https:\/\/tpx.pt\/wp-content\/uploads\/2024\/10\/Logo-TPX-01-1.png","width":167,"height":84,"caption":"TPX"},"image":{"@id":"https:\/\/tpx.pt\/fr\/#\/schema\/logo\/image\/"},"sameAs":["https:\/\/www.facebook.com\/p\/TPX-61562374588486\/?locale=pt_BR","https:\/\/www.instagram.com\/tpxholding_\/"]}]}},"_links":{"self":[{"href":"https:\/\/tpx.pt\/fr\/wp-json\/wp\/v2\/pages\/1312","targetHints":{"allow":["GET"]}}],"collection":[{"href":"https:\/\/tpx.pt\/fr\/wp-json\/wp\/v2\/pages"}],"about":[{"href":"https:\/\/tpx.pt\/fr\/wp-json\/wp\/v2\/types\/page"}],"author":[{"embeddable":true,"href":"https:\/\/tpx.pt\/fr\/wp-json\/wp\/v2\/users\/2"}],"replies":[{"embeddable":true,"href":"https:\/\/tpx.pt\/fr\/wp-json\/wp\/v2\/comments?post=1312"}],"version-history":[{"count":0,"href":"https:\/\/tpx.pt\/fr\/wp-json\/wp\/v2\/pages\/1312\/revisions"}],"wp:attachment":[{"href":"https:\/\/tpx.pt\/fr\/wp-json\/wp\/v2\/media?parent=1312"}],"curies":[{"name":"wp","href":"https:\/\/api.w.org\/{rel}","templated":true}]}}